{"id":7,"date":"2023-12-07T16:58:31","date_gmt":"2023-12-07T16:58:31","guid":{"rendered":"https:\/\/margas.com.tr\/index.php\/cart\/"},"modified":"2023-12-07T16:58:31","modified_gmt":"2023-12-07T16:58:31","slug":"cart","status":"publish","type":"page","link":"https:\/\/margas.com.tr\/index.php\/cart\/","title":{"rendered":"Cart"},"content":{"rendered":"\n<div data-block-name=\"woocommerce\/cart\" class=\"wp-block-woocommerce-cart alignwide is-loading\">\n<div data-block-name=\"woocommerce\/filled-cart-block\" class=\"wp-block-woocommerce-filled-cart-block\">\n<div data-block-name=\"woocommerce\/cart-items-block\" class=\"wp-block-woocommerce-cart-items-block\">\n<div data-block-name=\"woocommerce\/cart-line-items-block\" class=\"wp-block-woocommerce-cart-line-items-block\"><\/div>\n\n\n\n<div data-block-name=\"woocommerce\/cart-cross-sells-block\" class=\"wp-block-woocommerce-cart-cross-sells-block\">\n<h2 class=\"wp-block-heading has-large-font-size\">You may be interested in\u2026<\/h2>\n\n\n\n<div data-block-name=\"woocommerce\/cart-cross-sells-products-block\" class=\"wp-block-woocommerce-cart-cross-sells-products-block\"><\/div>\n<\/div>\n<\/div>\n\n\n\n<div data-block-name=\"woocommerce\/cart-totals-block\" class=\"wp-block-woocommerce-cart-totals-block\">\n<div data-block-name=\"woocommerce\/cart-order-summary-block\" class=\"wp-block-woocommerce-cart-order-summary-block\">\n<div data-block-name=\"woocommerce\/cart-order-summary-heading-block\" class=\"wp-block-woocommerce-cart-order-summary-heading-block\"><\/div><div data-block-name=\"woocommerce\/cart-order-summary-coupon-form-block\" class=\"wp-block-woocommerce-cart-order-summary-coupon-form-block\"><\/div><div data-block-name=\"woocommerce\/cart-order-summary-totals-block\" class=\"wp-block-woocommerce-cart-order-summary-totals-block\">\n<div data-block-name=\"woocommerce\/cart-order-summary-subtotal-block\" class=\"wp-block-woocommerce-cart-order-summary-subtotal-block\"><\/div>\n<div data-block-name=\"woocommerce\/cart-order-summary-discount-block\" class=\"wp-block-woocommerce-cart-order-summary-discount-block\"><\/div>\n<div data-block-name=\"woocommerce\/cart-order-summary-fee-block\" class=\"wp-block-woocommerce-cart-order-summary-fee-block\"><\/div>\n<div data-block-name=\"woocommerce\/cart-order-summary-shipping-block\" class=\"wp-block-woocommerce-cart-order-summary-shipping-block\"><\/div>\n<div data-block-name=\"woocommerce\/cart-order-summary-taxes-block\" class=\"wp-block-woocommerce-cart-order-summary-taxes-block\"><\/div><\/div>\n<\/div>\n\n\n\n<div data-block-name=\"woocommerce\/cart-express-payment-block\" class=\"wp-block-woocommerce-cart-express-payment-block\"><\/div>\n\n\n\n<div data-block-name=\"woocommerce\/proceed-to-checkout-block\" class=\"wp-block-woocommerce-proceed-to-checkout-block\"><\/div>\n\n\n\n<div data-block-name=\"woocommerce\/cart-accepted-payment-methods-block\" class=\"wp-block-woocommerce-cart-accepted-payment-methods-block\"><\/div>\n<\/div>\n<\/div>\n\n\n\n<div data-block-name=\"woocommerce\/empty-cart-block\" class=\"wp-block-woocommerce-empty-cart-block\">\n<h2 class=\"wp-block-heading has-text-align-center with-empty-cart-icon wc-block-cart__empty-cart__title\">Your cart is currently empty!<\/h2>\n\n\n\n<hr class=\"wp-block-separator has-alpha-channel-opacity is-style-dots\"\/>\n\n\n\n<h2 class=\"wp-block-heading has-text-align-center\">New in store<\/h2>\n\n\n<div data-block-name=\"woocommerce\/product-new\" data-columns=\"4\" data-rows=\"1\" class=\"wc-block-grid wp-block-product-new wp-block-woocommerce-product-new wc-block-product-new has-4-columns\"><ul class=\"wc-block-grid__products\"><li class=\"wc-block-grid__product\">\n\t\t\t\t<a href=\"https:\/\/margas.com.tr\/index.php\/product\/air-suspension-knee-pad\/\" class=\"wc-block-grid__product-link\">\n\t\t\t\t\t\n\t\t\t\t\t<div class=\"wc-block-grid__product-image\"><img fetchpriority=\"high\" decoding=\"async\" width=\"300\" height=\"300\" src=\"https:\/\/margas.com.tr\/wp-content\/uploads\/2019\/10\/product6-300x300.jpg\" class=\"attachment-woocommerce_thumbnail size-woocommerce_thumbnail\" alt=\"Air Suspension Knee Pad\" srcset=\"https:\/\/margas.com.tr\/wp-content\/uploads\/2019\/10\/product6-300x300.jpg 300w, https:\/\/margas.com.tr\/wp-content\/uploads\/2019\/10\/product6-150x150.jpg 150w, https:\/\/margas.com.tr\/wp-content\/uploads\/2019\/10\/product6-66x66.jpg 66w, https:\/\/margas.com.tr\/wp-content\/uploads\/2019\/10\/product6-100x100.jpg 100w\" sizes=\"(max-width: 300px) 100vw, 300px\" \/><\/div>\n\t\t\t\t\t<div class=\"wc-block-grid__product-title\">Air Suspension Knee Pad<\/div>\n\t\t\t\t<\/a>\n\t\t\t\t<div class=\"wc-block-grid__product-price price\"><span class=\"woocommerce-Price-amount amount\"><span class=\"woocommerce-Price-currencySymbol\">&#036;<\/span>19.00<\/span><\/div>\n\t\t\t\t\n\t\t\t\t<div class=\"wp-block-button wc-block-grid__product-add-to-cart\"><a href=\"\/index.php\/wp-json\/wp\/v2\/pages\/7?add-to-cart=1785\" aria-label=\"Add to cart: &ldquo;Air Suspension Knee Pad&rdquo;\" data-quantity=\"1\" data-product_id=\"1785\" data-product_sku=\"\" data-price=\"19\" rel=\"nofollow\" class=\"wp-block-button__link  add_to_cart_button ajax_add_to_cart\">Add to cart<\/a><\/div>\n\t\t\t<\/li><li class=\"wc-block-grid__product\">\n\t\t\t\t<a href=\"https:\/\/margas.com.tr\/index.php\/product\/nullarbor-hat-standard-safety-colours\/\" class=\"wc-block-grid__product-link\">\n\t\t\t\t\t\n\t\t\t\t\t<div class=\"wc-block-grid__product-image\"><img decoding=\"async\" width=\"300\" height=\"300\" src=\"https:\/\/margas.com.tr\/wp-content\/uploads\/2019\/10\/product5-300x300.jpg\" class=\"attachment-woocommerce_thumbnail size-woocommerce_thumbnail\" alt=\"Nullarbor Hat Standard  Safety Colours\" srcset=\"https:\/\/margas.com.tr\/wp-content\/uploads\/2019\/10\/product5-300x300.jpg 300w, https:\/\/margas.com.tr\/wp-content\/uploads\/2019\/10\/product5-150x150.jpg 150w, https:\/\/margas.com.tr\/wp-content\/uploads\/2019\/10\/product5-66x66.jpg 66w, https:\/\/margas.com.tr\/wp-content\/uploads\/2019\/10\/product5-100x100.jpg 100w\" sizes=\"(max-width: 300px) 100vw, 300px\" \/><\/div>\n\t\t\t\t\t<div class=\"wc-block-grid__product-title\">Nullarbor Hat Standard  Safety Colours<\/div>\n\t\t\t\t<\/a>\n\t\t\t\t<div class=\"wc-block-grid__product-price price\"><span class=\"woocommerce-Price-amount amount\"><span class=\"woocommerce-Price-currencySymbol\">&#036;<\/span>9.00<\/span><\/div>\n\t\t\t\t\n\t\t\t\t<div class=\"wp-block-button wc-block-grid__product-add-to-cart\"><a href=\"\/index.php\/wp-json\/wp\/v2\/pages\/7?add-to-cart=1782\" aria-label=\"Add to cart: &ldquo;Nullarbor Hat Standard  Safety Colours&rdquo;\" data-quantity=\"1\" data-product_id=\"1782\" data-product_sku=\"\" data-price=\"9\" rel=\"nofollow\" class=\"wp-block-button__link  add_to_cart_button ajax_add_to_cart\">Add to cart<\/a><\/div>\n\t\t\t<\/li><li class=\"wc-block-grid__product\">\n\t\t\t\t<a href=\"https:\/\/margas.com.tr\/index.php\/product\/tear-drop-halogen-rotating-light\/\" class=\"wc-block-grid__product-link\">\n\t\t\t\t\t\n\t\t\t\t\t<div class=\"wc-block-grid__product-image\"><img decoding=\"async\" width=\"300\" height=\"300\" src=\"https:\/\/margas.com.tr\/wp-content\/uploads\/2019\/10\/product4-300x300.jpg\" class=\"attachment-woocommerce_thumbnail size-woocommerce_thumbnail\" alt=\"Tear Drop Halogen  Rotating Light\" srcset=\"https:\/\/margas.com.tr\/wp-content\/uploads\/2019\/10\/product4-300x300.jpg 300w, https:\/\/margas.com.tr\/wp-content\/uploads\/2019\/10\/product4-150x150.jpg 150w, https:\/\/margas.com.tr\/wp-content\/uploads\/2019\/10\/product4-66x66.jpg 66w, https:\/\/margas.com.tr\/wp-content\/uploads\/2019\/10\/product4-100x100.jpg 100w\" sizes=\"(max-width: 300px) 100vw, 300px\" \/><\/div>\n\t\t\t\t\t<div class=\"wc-block-grid__product-title\">Tear Drop Halogen  Rotating Light<\/div>\n\t\t\t\t<\/a>\n\t\t\t\t<div class=\"wc-block-grid__product-price price\"><span class=\"woocommerce-Price-amount amount\"><span class=\"woocommerce-Price-currencySymbol\">&#036;<\/span>29.00<\/span><\/div>\n\t\t\t\t\n\t\t\t\t<div class=\"wp-block-button wc-block-grid__product-add-to-cart\"><a href=\"\/index.php\/wp-json\/wp\/v2\/pages\/7?add-to-cart=1779\" aria-label=\"Add to cart: &ldquo;Tear Drop Halogen  Rotating Light&rdquo;\" data-quantity=\"1\" data-product_id=\"1779\" data-product_sku=\"\" data-price=\"29\" rel=\"nofollow\" class=\"wp-block-button__link  add_to_cart_button ajax_add_to_cart\">Add to cart<\/a><\/div>\n\t\t\t<\/li><li class=\"wc-block-grid__product\">\n\t\t\t\t<a href=\"https:\/\/margas.com.tr\/index.php\/product\/plastic-shell-retractable-ruler\/\" class=\"wc-block-grid__product-link\">\n\t\t\t\t\t<div class=\"wc-block-grid__product-onsale\">\n\t\t\t<span aria-hidden=\"true\">Sale<\/span>\n\t\t\t<span class=\"screen-reader-text\">Product on sale<\/span>\n\t\t<\/div>\n\t\t\t\t\t<div class=\"wc-block-grid__product-image\"><img loading=\"lazy\" decoding=\"async\" width=\"300\" height=\"300\" src=\"https:\/\/margas.com.tr\/wp-content\/uploads\/2019\/10\/product3-300x300.jpg\" class=\"attachment-woocommerce_thumbnail size-woocommerce_thumbnail\" alt=\"Plastic Shell  Retractable Ruler\" srcset=\"https:\/\/margas.com.tr\/wp-content\/uploads\/2019\/10\/product3-300x300.jpg 300w, https:\/\/margas.com.tr\/wp-content\/uploads\/2019\/10\/product3-150x150.jpg 150w, https:\/\/margas.com.tr\/wp-content\/uploads\/2019\/10\/product3-66x66.jpg 66w, https:\/\/margas.com.tr\/wp-content\/uploads\/2019\/10\/product3-100x100.jpg 100w\" sizes=\"(max-width: 300px) 100vw, 300px\" \/><\/div>\n\t\t\t\t\t<div class=\"wc-block-grid__product-title\">Plastic Shell  Retractable Ruler<\/div>\n\t\t\t\t<\/a>\n\t\t\t\t<div class=\"wc-block-grid__product-price price\"><del aria-hidden=\"true\"><span class=\"woocommerce-Price-amount amount\"><span class=\"woocommerce-Price-currencySymbol\">&#036;<\/span>20.00<\/span><\/del> <span class=\"screen-reader-text\">Original price was: &#036;20.00.<\/span><ins aria-hidden=\"true\"><span class=\"woocommerce-Price-amount amount\"><span class=\"woocommerce-Price-currencySymbol\">&#036;<\/span>16.00<\/span><\/ins><span class=\"screen-reader-text\">Current price is: &#036;16.00.<\/span><\/div>\n\t\t\t\t\n\t\t\t\t<div class=\"wp-block-button wc-block-grid__product-add-to-cart\"><a href=\"\/index.php\/wp-json\/wp\/v2\/pages\/7?add-to-cart=1776\" aria-label=\"Add to cart: &ldquo;Plastic Shell  Retractable Ruler&rdquo;\" data-quantity=\"1\" data-product_id=\"1776\" data-product_sku=\"\" data-price=\"16\" rel=\"nofollow\" class=\"wp-block-button__link  add_to_cart_button ajax_add_to_cart\">Add to cart<\/a><\/div>\n\t\t\t<\/li><\/ul><\/div><\/div>\n<\/div>\n","protected":false},"excerpt":{"rendered":"","protected":false},"author":1,"featured_media":0,"parent":0,"menu_order":0,"comment_status":"closed","ping_status":"closed","template":"","meta":{"footnotes":""},"class_list":["post-7","page","type-page","status-publish","hentry"],"yoast_head":"<!-- This site is optimized with the Yoast SEO Premium plugin v27.2 (Yoast SEO v27.4) - https:\/\/yoast.com\/product\/yoast-seo-premium-wordpress\/ -->\n<title>Cart - margas MARGAS www.margas.com.tr info@margas.com.tr 05519715791 BENZ\u0130N LPG CNG 3 S\u0130STEM\u0130 2 RUHSAT DO\u011eA DOSTU LNG SHELL DAHA TEM\u0130Z B\u0130R D\u00dcNYA \u0130\u00c7\u0130N LNG OTOGAZC\u0130M otogazcim OTO GAZC\u0130M oto gazcim AT\u0130KER atiker CMR cmr WENTGAS wentgas BENZ\u0130N benzin OTOGAZ otogaz LPG lpg CNG cng LNG lng OTO GAZ oto gaz OTO oto OTOMOT\u0130V otomotiv<\/title>\n<meta name=\"robots\" content=\"index, follow, max-snippet:-1, max-image-preview:large, max-video-preview:-1\" \/>\n<link rel=\"canonical\" href=\"https:\/\/www.margas.com.tr\/index.php\/cart\/\" \/>\n<meta property=\"og:locale\" content=\"en_US\" \/>\n<meta property=\"og:type\" content=\"article\" \/>\n<meta property=\"og:title\" content=\"Cart\" \/>\n<meta property=\"og:url\" content=\"https:\/\/www.margas.com.tr\/index.php\/cart\/\" \/>\n<meta property=\"og:site_name\" content=\"margas MARGAS www.margas.com.tr info@margas.com.tr 05519715791 BENZ\u0130N LPG CNG 3 S\u0130STEM\u0130 2 RUHSAT DO\u011eA DOSTU LNG SHELL DAHA TEM\u0130Z B\u0130R D\u00dcNYA \u0130\u00c7\u0130N LNG OTOGAZC\u0130M otogazcim OTO GAZC\u0130M oto gazcim AT\u0130KER atiker CMR cmr WENTGAS wentgas BENZ\u0130N benzin OTOGAZ otogaz LPG lpg CNG cng LNG lng OTO GAZ oto gaz OTO oto OTOMOT\u0130V otomotiv\" \/>\n<meta name=\"twitter:card\" content=\"summary_large_image\" \/>\n<script type=\"application\/ld+json\" class=\"yoast-schema-graph\">{\"@context\":\"https:\\\/\\\/schema.org\",\"@graph\":[{\"@type\":\"WebPage\",\"@id\":\"https:\\\/\\\/www.margas.com.tr\\\/index.php\\\/cart\\\/\",\"url\":\"https:\\\/\\\/www.margas.com.tr\\\/index.php\\\/cart\\\/\",\"name\":\"Cart - margas MARGAS www.margas.com.tr info@margas.com.tr 05519715791 BENZ\u0130N LPG CNG 3 S\u0130STEM\u0130 2 RUHSAT DO\u011eA DOSTU LNG SHELL DAHA TEM\u0130Z B\u0130R D\u00dcNYA \u0130\u00c7\u0130N LNG OTOGAZC\u0130M otogazcim OTO GAZC\u0130M oto gazcim AT\u0130KER atiker CMR cmr WENTGAS wentgas BENZ\u0130N benzin OTOGAZ otogaz LPG lpg CNG cng LNG lng OTO GAZ oto gaz OTO oto OTOMOT\u0130V otomotiv\",\"isPartOf\":{\"@id\":\"https:\\\/\\\/www.margas.com.tr\\\/#website\"},\"datePublished\":\"2023-12-07T16:58:31+00:00\",\"breadcrumb\":{\"@id\":\"https:\\\/\\\/www.margas.com.tr\\\/index.php\\\/cart\\\/#breadcrumb\"},\"inLanguage\":\"en-US\",\"potentialAction\":[{\"@type\":\"ReadAction\",\"target\":[\"https:\\\/\\\/www.margas.com.tr\\\/index.php\\\/cart\\\/\"]}]},{\"@type\":\"BreadcrumbList\",\"@id\":\"https:\\\/\\\/www.margas.com.tr\\\/index.php\\\/cart\\\/#breadcrumb\",\"itemListElement\":[{\"@type\":\"ListItem\",\"position\":1,\"name\":\"Anasayfa\",\"item\":\"https:\\\/\\\/margas.com.tr\\\/\"},{\"@type\":\"ListItem\",\"position\":2,\"name\":\"Cart\"}]},{\"@type\":\"WebSite\",\"@id\":\"https:\\\/\\\/www.margas.com.tr\\\/#website\",\"url\":\"https:\\\/\\\/www.margas.com.tr\\\/\",\"name\":\"margas MARGAS www.margas.com.tr info@margas.com.tr 05519715791 BENZ\u0130N LPG CNG 3 S\u0130STEM\u0130 2 RUHSAT DO\u011eA DOSTU LNG SHELL DAHA TEM\u0130Z B\u0130R D\u00dcNYA \u0130\u00c7\u0130N LNG OTOGAZC\u0130M otogazcim OTO GAZC\u0130M oto gazcim AT\u0130KER atiker CMR cmr WENTGAS wentgas BENZ\u0130N benzin OTOGAZ otogaz LPG lpg CNG cng LNG lng OTO GAZ oto gaz OTO oto OTOMOT\u0130V otomotiv\",\"description\":\"margas MARGAS www.margas.com.tr info@margas.com.tr 05519715791 BENZ\u0130N LPG CNG 3 S\u0130STEM\u0130 2 RUHSAT DO\u011eA DOSTU LNG SHELL DAHA TEM\u0130Z B\u0130R D\u00dcNYA \u0130\u00c7\u0130N LNG  OTOGAZC\u0130M otogazcim OTO GAZC\u0130M oto gazcim AT\u0130KER atiker CMR cmr WENTGAS wentgas BENZ\u0130N benzin OTOGAZ otogaz LPG lpg CNG cng LNG lng OTO GAZ oto gaz OTO oto OTOMOT\u0130V otomotiv\",\"potentialAction\":[{\"@type\":\"SearchAction\",\"target\":{\"@type\":\"EntryPoint\",\"urlTemplate\":\"https:\\\/\\\/www.margas.com.tr\\\/?s={search_term_string}\"},\"query-input\":{\"@type\":\"PropertyValueSpecification\",\"valueRequired\":true,\"valueName\":\"search_term_string\"}}],\"inLanguage\":\"en-US\"}]}<\/script>\n<!-- \/ Yoast SEO Premium plugin. -->","yoast_head_json":{"title":"Cart - margas MARGAS www.margas.com.tr info@margas.com.tr 05519715791 BENZ\u0130N LPG CNG 3 S\u0130STEM\u0130 2 RUHSAT DO\u011eA DOSTU LNG SHELL DAHA TEM\u0130Z B\u0130R D\u00dcNYA \u0130\u00c7\u0130N LNG OTOGAZC\u0130M otogazcim OTO GAZC\u0130M oto gazcim AT\u0130KER atiker CMR cmr WENTGAS wentgas BENZ\u0130N benzin OTOGAZ otogaz LPG lpg CNG cng LNG lng OTO GAZ oto gaz OTO oto OTOMOT\u0130V otomotiv","robots":{"index":"index","follow":"follow","max-snippet":"max-snippet:-1","max-image-preview":"max-image-preview:large","max-video-preview":"max-video-preview:-1"},"canonical":"https:\/\/www.margas.com.tr\/index.php\/cart\/","og_locale":"en_US","og_type":"article","og_title":"Cart","og_url":"https:\/\/www.margas.com.tr\/index.php\/cart\/","og_site_name":"margas MARGAS www.margas.com.tr info@margas.com.tr 05519715791 BENZ\u0130N LPG CNG 3 S\u0130STEM\u0130 2 RUHSAT DO\u011eA DOSTU LNG SHELL DAHA TEM\u0130Z B\u0130R D\u00dcNYA \u0130\u00c7\u0130N LNG OTOGAZC\u0130M otogazcim OTO GAZC\u0130M oto gazcim AT\u0130KER atiker CMR cmr WENTGAS wentgas BENZ\u0130N benzin OTOGAZ otogaz LPG lpg CNG cng LNG lng OTO GAZ oto gaz OTO oto OTOMOT\u0130V otomotiv","twitter_card":"summary_large_image","schema":{"@context":"https:\/\/schema.org","@graph":[{"@type":"WebPage","@id":"https:\/\/www.margas.com.tr\/index.php\/cart\/","url":"https:\/\/www.margas.com.tr\/index.php\/cart\/","name":"Cart - margas MARGAS www.margas.com.tr info@margas.com.tr 05519715791 BENZ\u0130N LPG CNG 3 S\u0130STEM\u0130 2 RUHSAT DO\u011eA DOSTU LNG SHELL DAHA TEM\u0130Z B\u0130R D\u00dcNYA \u0130\u00c7\u0130N LNG OTOGAZC\u0130M otogazcim OTO GAZC\u0130M oto gazcim AT\u0130KER atiker CMR cmr WENTGAS wentgas BENZ\u0130N benzin OTOGAZ otogaz LPG lpg CNG cng LNG lng OTO GAZ oto gaz OTO oto OTOMOT\u0130V otomotiv","isPartOf":{"@id":"https:\/\/www.margas.com.tr\/#website"},"datePublished":"2023-12-07T16:58:31+00:00","breadcrumb":{"@id":"https:\/\/www.margas.com.tr\/index.php\/cart\/#breadcrumb"},"inLanguage":"en-US","potentialAction":[{"@type":"ReadAction","target":["https:\/\/www.margas.com.tr\/index.php\/cart\/"]}]},{"@type":"BreadcrumbList","@id":"https:\/\/www.margas.com.tr\/index.php\/cart\/#breadcrumb","itemListElement":[{"@type":"ListItem","position":1,"name":"Anasayfa","item":"https:\/\/margas.com.tr\/"},{"@type":"ListItem","position":2,"name":"Cart"}]},{"@type":"WebSite","@id":"https:\/\/www.margas.com.tr\/#website","url":"https:\/\/www.margas.com.tr\/","name":"margas MARGAS www.margas.com.tr info@margas.com.tr 05519715791 BENZ\u0130N LPG CNG 3 S\u0130STEM\u0130 2 RUHSAT DO\u011eA DOSTU LNG SHELL DAHA TEM\u0130Z B\u0130R D\u00dcNYA \u0130\u00c7\u0130N LNG OTOGAZC\u0130M otogazcim OTO GAZC\u0130M oto gazcim AT\u0130KER atiker CMR cmr WENTGAS wentgas BENZ\u0130N benzin OTOGAZ otogaz LPG lpg CNG cng LNG lng OTO GAZ oto gaz OTO oto OTOMOT\u0130V otomotiv","description":"margas MARGAS www.margas.com.tr info@margas.com.tr 05519715791 BENZ\u0130N LPG CNG 3 S\u0130STEM\u0130 2 RUHSAT DO\u011eA DOSTU LNG SHELL DAHA TEM\u0130Z B\u0130R D\u00dcNYA \u0130\u00c7\u0130N LNG  OTOGAZC\u0130M otogazcim OTO GAZC\u0130M oto gazcim AT\u0130KER atiker CMR cmr WENTGAS wentgas BENZ\u0130N benzin OTOGAZ otogaz LPG lpg CNG cng LNG lng OTO GAZ oto gaz OTO oto OTOMOT\u0130V otomotiv","potentialAction":[{"@type":"SearchAction","target":{"@type":"EntryPoint","urlTemplate":"https:\/\/www.margas.com.tr\/?s={search_term_string}"},"query-input":{"@type":"PropertyValueSpecification","valueRequired":true,"valueName":"search_term_string"}}],"inLanguage":"en-US"}]}},"_links":{"self":[{"href":"https:\/\/margas.com.tr\/index.php\/wp-json\/wp\/v2\/pages\/7","targetHints":{"allow":["GET"]}}],"collection":[{"href":"https:\/\/margas.com.tr\/index.php\/wp-json\/wp\/v2\/pages"}],"about":[{"href":"https:\/\/margas.com.tr\/index.php\/wp-json\/wp\/v2\/types\/page"}],"author":[{"embeddable":true,"href":"https:\/\/margas.com.tr\/index.php\/wp-json\/wp\/v2\/users\/1"}],"replies":[{"embeddable":true,"href":"https:\/\/margas.com.tr\/index.php\/wp-json\/wp\/v2\/comments?post=7"}],"version-history":[{"count":0,"href":"https:\/\/margas.com.tr\/index.php\/wp-json\/wp\/v2\/pages\/7\/revisions"}],"wp:attachment":[{"href":"https:\/\/margas.com.tr\/index.php\/wp-json\/wp\/v2\/media?parent=7"}],"curies":[{"name":"wp","href":"https:\/\/api.w.org\/{rel}","templated":true}]}}