{"id":175,"date":"2019-07-30T04:38:33","date_gmt":"2019-07-30T04:38:33","guid":{"rendered":"http:\/\/localhost\/industris\/?page_id=175"},"modified":"2026-02-24T18:39:49","modified_gmt":"2026-02-24T18:39:49","slug":"faqs","status":"publish","type":"page","link":"https:\/\/margas.com.tr\/index.php\/faqs\/","title":{"rendered":"Frequently Asked Questions"},"content":{"rendered":"\t\t<div data-elementor-type=\"wp-post\" data-elementor-id=\"175\" class=\"elementor elementor-175\" data-elementor-post-type=\"page\">\n\t\t\t\t<div class=\"elementor-element elementor-element-22b5ee5 e-flex e-con-boxed e-con e-parent\" data-id=\"22b5ee5\" data-element_type=\"container\" data-e-type=\"container\">\n\t\t\t\t\t<div class=\"e-con-inner\">\n\t\t\t\t<div class=\"elementor-element elementor-element-a807ed1 elementor-widget elementor-widget-shortcode\" data-id=\"a807ed1\" data-element_type=\"widget\" data-e-type=\"widget\" data-widget_type=\"shortcode.default\">\n\t\t\t\t<div class=\"elementor-widget-container\">\n\t\t\t\t\t\t\t<div class=\"elementor-shortcode\"><script async src=\"https:\/\/pagead2.googlesyndication.com\/pagead\/js\/adsbygoogle.js?client=ca-pub-1881850453592925\"\n     crossorigin=\"anonymous\"><\/script><\/div>\n\t\t\t\t\t\t<\/div>\n\t\t\t\t<\/div>\n\t\t\t\t\t<\/div>\n\t\t\t\t<\/div>\n\t\t\t\t<section class=\"elementor-section elementor-top-section elementor-element elementor-element-741093a elementor-section-boxed elementor-section-height-default elementor-section-height-default\" data-id=\"741093a\" data-element_type=\"section\" data-e-type=\"section\">\n\t\t\t\t\t\t<div class=\"elementor-container elementor-column-gap-default\">\n\t\t\t\t\t<div class=\"elementor-column elementor-col-100 elementor-top-column elementor-element elementor-element-de568b3\" data-id=\"de568b3\" data-element_type=\"column\" data-e-type=\"column\">\n\t\t\t<div class=\"elementor-widget-wrap elementor-element-populated\">\n\t\t\t\t\t\t<div class=\"elementor-element elementor-element-9bf6086 elementor-widget elementor-widget-heading\" data-id=\"9bf6086\" data-element_type=\"widget\" data-e-type=\"widget\" data-widget_type=\"heading.default\">\n\t\t\t\t<div class=\"elementor-widget-container\">\n\t\t\t\t\t<h4 class=\"elementor-heading-title elementor-size-default\">Company<\/h4>\t\t\t\t<\/div>\n\t\t\t\t<\/div>\n\t\t\t\t<div class=\"elementor-element elementor-element-7320c5d elementor-widget elementor-widget-heading\" data-id=\"7320c5d\" data-element_type=\"widget\" data-e-type=\"widget\" data-widget_type=\"heading.default\">\n\t\t\t\t<div class=\"elementor-widget-container\">\n\t\t\t\t\t<h6 class=\"elementor-heading-title elementor-size-default\">What is Into The Industry?<\/h6>\t\t\t\t<\/div>\n\t\t\t\t<\/div>\n\t\t\t\t<div class=\"elementor-element elementor-element-c64e449 elementor-widget elementor-widget-text-editor\" data-id=\"c64e449\" data-element_type=\"widget\" data-e-type=\"widget\" data-widget_type=\"text-editor.default\">\n\t\t\t\t<div class=\"elementor-widget-container\">\n\t\t\t\t\t\t\t\t\t<p>Founded by 5 professionals in different fields of the fashion industry, ITI is a company that creates workshops and networking events. The workshops are geared towards individuals who want to learn more about the industry and identify connections between the different fields. The networking events create a platform to mingle with professionals to help expand your contacts for the future.<\/p>\t\t\t\t\t\t\t\t<\/div>\n\t\t\t\t<\/div>\n\t\t\t\t<div class=\"elementor-element elementor-element-2fcc730 elementor-widget elementor-widget-heading\" data-id=\"2fcc730\" data-element_type=\"widget\" data-e-type=\"widget\" data-widget_type=\"heading.default\">\n\t\t\t\t<div class=\"elementor-widget-container\">\n\t\t\t\t\t<h6 class=\"elementor-heading-title elementor-size-default\">What are the contact centre hours?<\/h6>\t\t\t\t<\/div>\n\t\t\t\t<\/div>\n\t\t\t\t<div class=\"elementor-element elementor-element-97553f1 elementor-widget elementor-widget-text-editor\" data-id=\"97553f1\" data-element_type=\"widget\" data-e-type=\"widget\" data-widget_type=\"text-editor.default\">\n\t\t\t\t<div class=\"elementor-widget-container\">\n\t\t\t\t\t\t\t\t\tYou can call the Do Not Call Register contact centre on 1300 785 749 from Monday to Friday, between 8.30 am and 5.00 pm.<br>\nOr you can lodge an online enquiry.\t\t\t\t\t\t\t\t<\/div>\n\t\t\t\t<\/div>\n\t\t\t\t<div class=\"elementor-element elementor-element-f0a7615 elementor-widget elementor-widget-heading\" data-id=\"f0a7615\" data-element_type=\"widget\" data-e-type=\"widget\" data-widget_type=\"heading.default\">\n\t\t\t\t<div class=\"elementor-widget-container\">\n\t\t\t\t\t<h6 class=\"elementor-heading-title elementor-size-default\">How do consumers register their numbers?<\/h6>\t\t\t\t<\/div>\n\t\t\t\t<\/div>\n\t\t\t\t<div class=\"elementor-element elementor-element-2028899 elementor-widget elementor-widget-text-editor\" data-id=\"2028899\" data-element_type=\"widget\" data-e-type=\"widget\" data-widget_type=\"text-editor.default\">\n\t\t\t\t<div class=\"elementor-widget-container\">\n\t\t\t\t\t\t\t\t\tIndividuals, or their nominees, can register their numbers online at www.industris.com, by calling 1300 792 958, by faxing 1300 793 514, or by mail.\t\t\t\t\t\t\t\t<\/div>\n\t\t\t\t<\/div>\n\t\t\t\t<div class=\"elementor-element elementor-element-0d918e3 elementor-widget elementor-widget-heading\" data-id=\"0d918e3\" data-element_type=\"widget\" data-e-type=\"widget\" data-widget_type=\"heading.default\">\n\t\t\t\t<div class=\"elementor-widget-container\">\n\t\t\t\t\t<h6 class=\"elementor-heading-title elementor-size-default\">Does the register extend to overseas callers?\n<\/h6>\t\t\t\t<\/div>\n\t\t\t\t<\/div>\n\t\t\t\t<div class=\"elementor-element elementor-element-45eff27 elementor-widget elementor-widget-text-editor\" data-id=\"45eff27\" data-element_type=\"widget\" data-e-type=\"widget\" data-widget_type=\"text-editor.default\">\n\t\t\t\t<div class=\"elementor-widget-container\">\n\t\t\t\t\t\t\t\t\tThe Do Not Call Register legislation applies irrespective of where the call or fax originates. For example, telemarketers operating out of South Africa must comply with the legislation in the same way as telemarketers operating out of Melbourne. In practice, however, if an overseas telemarketer is found in breach of the legislation, the ACMA will pursue the Australian company linked to that telemarketer or fax marketer.\t\t\t\t\t\t\t\t<\/div>\n\t\t\t\t<\/div>\n\t\t\t\t<div class=\"elementor-element elementor-element-933acf4 elementor-widget elementor-widget-heading\" data-id=\"933acf4\" data-element_type=\"widget\" data-e-type=\"widget\" data-widget_type=\"heading.default\">\n\t\t\t\t<div class=\"elementor-widget-container\">\n\t\t\t\t\t<h4 class=\"elementor-heading-title elementor-size-default\">Careers<\/h4>\t\t\t\t<\/div>\n\t\t\t\t<\/div>\n\t\t\t\t<div class=\"elementor-element elementor-element-4f8dd80 elementor-widget elementor-widget-heading\" data-id=\"4f8dd80\" data-element_type=\"widget\" data-e-type=\"widget\" data-widget_type=\"heading.default\">\n\t\t\t\t<div class=\"elementor-widget-container\">\n\t\t\t\t\t<h6 class=\"elementor-heading-title elementor-size-default\">How do i apply for a job in Industris ?<\/h6>\t\t\t\t<\/div>\n\t\t\t\t<\/div>\n\t\t\t\t<div class=\"elementor-element elementor-element-99aca6a elementor-widget elementor-widget-text-editor\" data-id=\"99aca6a\" data-element_type=\"widget\" data-e-type=\"widget\" data-widget_type=\"text-editor.default\">\n\t\t\t\t<div class=\"elementor-widget-container\">\n\t\t\t\t\t\t\t\t\tAll our positions are advertised on our career pages.<br>\n&#8211; If you can\u2019t find any suitable vacant positions you can also submit your CV and a general application in our talent database.<br>\n&#8211; If you don\u2019t find a vacant position you can set up \u201cjob alerts\u201d so that you can be informed about vacant positions.\t\t\t\t\t\t\t\t<\/div>\n\t\t\t\t<\/div>\n\t\t\t\t<div class=\"elementor-element elementor-element-813d6dc elementor-widget elementor-widget-heading\" data-id=\"813d6dc\" data-element_type=\"widget\" data-e-type=\"widget\" data-widget_type=\"heading.default\">\n\t\t\t\t<div class=\"elementor-widget-container\">\n\t\t\t\t\t<h6 class=\"elementor-heading-title elementor-size-default\">How do i become a graduate in Industris ?<\/h6>\t\t\t\t<\/div>\n\t\t\t\t<\/div>\n\t\t\t\t<div class=\"elementor-element elementor-element-fbc3f36 elementor-widget elementor-widget-text-editor\" data-id=\"fbc3f36\" data-element_type=\"widget\" data-e-type=\"widget\" data-widget_type=\"text-editor.default\">\n\t\t\t\t<div class=\"elementor-widget-container\">\n\t\t\t\t\t\t\t\t\tYou can apply to our 2-year Corporate Graduate Programme. Here we offer challenging and meaningful tasks and an opportunity to work with your own goals and interests that correspond with Equinor\u2019s needs.\t\t\t\t\t\t\t\t<\/div>\n\t\t\t\t<\/div>\n\t\t\t\t<div class=\"elementor-element elementor-element-a7f88a1 elementor-widget elementor-widget-heading\" data-id=\"a7f88a1\" data-element_type=\"widget\" data-e-type=\"widget\" data-widget_type=\"heading.default\">\n\t\t\t\t<div class=\"elementor-widget-container\">\n\t\t\t\t\t<h6 class=\"elementor-heading-title elementor-size-default\">How do i get a summer job ? <\/h6>\t\t\t\t<\/div>\n\t\t\t\t<\/div>\n\t\t\t\t<div class=\"elementor-element elementor-element-f16aeff elementor-widget elementor-widget-text-editor\" data-id=\"f16aeff\" data-element_type=\"widget\" data-e-type=\"widget\" data-widget_type=\"text-editor.default\">\n\t\t\t\t<div class=\"elementor-widget-container\">\n\t\t\t\t\t\t\t\t\tIndustris offers \u201cSummer internships\u201d \u2014 summer jobs for students who have completed the second year of their bachelor degree through to the first year of their masters. The deadline for applications to the 2019 Summer internships was 14 December 2018. \t\t\t\t\t\t\t\t<\/div>\n\t\t\t\t<\/div>\n\t\t\t\t<div class=\"elementor-element elementor-element-3da5dfc elementor-widget elementor-widget-heading\" data-id=\"3da5dfc\" data-element_type=\"widget\" data-e-type=\"widget\" data-widget_type=\"heading.default\">\n\t\t\t\t<div class=\"elementor-widget-container\">\n\t\t\t\t\t<h6 class=\"elementor-heading-title elementor-size-default\">How do i get an apprenticeship ?<\/h6>\t\t\t\t<\/div>\n\t\t\t\t<\/div>\n\t\t\t\t<div class=\"elementor-element elementor-element-ead8262 elementor-widget elementor-widget-text-editor\" data-id=\"ead8262\" data-element_type=\"widget\" data-e-type=\"widget\" data-widget_type=\"text-editor.default\">\n\t\t\t\t<div class=\"elementor-widget-container\">\n\t\t\t\t\t\t\t\t\tInformation regarding Industris apprenticeship programme is only available in Norwegian. The deadline for applications for apprenticeships in 2019 is 7 February. Please visit the following page to read more about our apprentice programme (in Norwegian).\t\t\t\t\t\t\t\t<\/div>\n\t\t\t\t<\/div>\n\t\t\t\t<div class=\"elementor-element elementor-element-f397162 elementor-widget elementor-widget-heading\" data-id=\"f397162\" data-element_type=\"widget\" data-e-type=\"widget\" data-widget_type=\"heading.default\">\n\t\t\t\t<div class=\"elementor-widget-container\">\n\t\t\t\t\t<h4 class=\"elementor-heading-title elementor-size-default\">Contact<\/h4>\t\t\t\t<\/div>\n\t\t\t\t<\/div>\n\t\t\t\t<div class=\"elementor-element elementor-element-7744ac9 elementor-widget elementor-widget-heading\" data-id=\"7744ac9\" data-element_type=\"widget\" data-e-type=\"widget\" data-widget_type=\"heading.default\">\n\t\t\t\t<div class=\"elementor-widget-container\">\n\t\t\t\t\t<h6 class=\"elementor-heading-title elementor-size-default\">How many countries are there ?<\/h6>\t\t\t\t<\/div>\n\t\t\t\t<\/div>\n\t\t\t\t<div class=\"elementor-element elementor-element-14c9384 elementor-widget elementor-widget-text-editor\" data-id=\"14c9384\" data-element_type=\"widget\" data-e-type=\"widget\" data-widget_type=\"text-editor.default\">\n\t\t\t\t<div class=\"elementor-widget-container\">\n\t\t\t\t\t\t\t\t\tWe work in 12 countries including: \nChina, U.S., Russia, Japan, Germany, France, South Africa, Colombia, Ukraine, Morocco, Saudi Arabia, Madagascar.\t\t\t\t\t\t\t\t<\/div>\n\t\t\t\t<\/div>\n\t\t\t\t<div class=\"elementor-element elementor-element-2342b3e elementor-widget elementor-widget-heading\" data-id=\"2342b3e\" data-element_type=\"widget\" data-e-type=\"widget\" data-widget_type=\"heading.default\">\n\t\t\t\t<div class=\"elementor-widget-container\">\n\t\t\t\t\t<h6 class=\"elementor-heading-title elementor-size-default\">How time works ?<\/h6>\t\t\t\t<\/div>\n\t\t\t\t<\/div>\n\t\t\t\t<div class=\"elementor-element elementor-element-1522622 elementor-widget elementor-widget-text-editor\" data-id=\"1522622\" data-element_type=\"widget\" data-e-type=\"widget\" data-widget_type=\"text-editor.default\">\n\t\t\t\t<div class=\"elementor-widget-container\">\n\t\t\t\t\t\t\t\t\tMon &#8211; Fri: 9:00 &#8211; 19:00 \/ Closed on weekend.\t\t\t\t\t\t\t\t<\/div>\n\t\t\t\t<\/div>\n\t\t\t\t\t<\/div>\n\t\t<\/div>\n\t\t\t\t\t<\/div>\n\t\t<\/section>\n\t\t\t\t<\/div>\n\t\t","protected":false},"excerpt":{"rendered":"<p>Company What is Into The Industry? Founded by 5 professionals in different fields of the fashion industry, ITI is a company that creates workshops and networking events. The workshops are geared towards individuals who want to learn more about the industry and identify connections between the different fields. The networking events create a platform to [&hellip;]<\/p>\n","protected":false},"author":1,"featured_media":0,"parent":0,"menu_order":0,"comment_status":"closed","ping_status":"closed","template":"","meta":{"footnotes":""},"class_list":["post-175","page","type-page","status-publish","hentry"],"yoast_head":"<!-- This site is optimized with the Yoast SEO Premium plugin v27.2 (Yoast SEO v27.4) - https:\/\/yoast.com\/product\/yoast-seo-premium-wordpress\/ -->\n<title>Frequently Asked Questions - margas MARGAS www.margas.com.tr info@margas.com.tr 05519715791 BENZ\u0130N LPG CNG 3 S\u0130STEM\u0130 2 RUHSAT DO\u011eA DOSTU LNG SHELL DAHA TEM\u0130Z B\u0130R D\u00dcNYA \u0130\u00c7\u0130N LNG OTOGAZC\u0130M otogazcim OTO GAZC\u0130M oto gazcim AT\u0130KER atiker CMR cmr WENTGAS wentgas BENZ\u0130N benzin OTOGAZ otogaz LPG lpg CNG cng LNG lng OTO GAZ oto gaz OTO oto OTOMOT\u0130V otomotiv<\/title>\n<meta name=\"robots\" content=\"index, follow, max-snippet:-1, max-image-preview:large, max-video-preview:-1\" \/>\n<link rel=\"canonical\" href=\"https:\/\/margas.com.tr\/index.php\/faqs\/\" \/>\n<meta property=\"og:locale\" content=\"en_US\" \/>\n<meta property=\"og:type\" content=\"article\" \/>\n<meta property=\"og:title\" content=\"Frequently Asked Questions\" \/>\n<meta property=\"og:description\" content=\"Company What is Into The Industry? Founded by 5 professionals in different fields of the fashion industry, ITI is a company that creates workshops and networking events. The workshops are geared towards individuals who want to learn more about the industry and identify connections between the different fields. The networking events create a platform to [&hellip;]\" \/>\n<meta property=\"og:url\" content=\"https:\/\/margas.com.tr\/index.php\/faqs\/\" \/>\n<meta property=\"og:site_name\" content=\"margas MARGAS www.margas.com.tr info@margas.com.tr 05519715791 BENZ\u0130N LPG CNG 3 S\u0130STEM\u0130 2 RUHSAT DO\u011eA DOSTU LNG SHELL DAHA TEM\u0130Z B\u0130R D\u00dcNYA \u0130\u00c7\u0130N LNG OTOGAZC\u0130M otogazcim OTO GAZC\u0130M oto gazcim AT\u0130KER atiker CMR cmr WENTGAS wentgas BENZ\u0130N benzin OTOGAZ otogaz LPG lpg CNG cng LNG lng OTO GAZ oto gaz OTO oto OTOMOT\u0130V otomotiv\" \/>\n<meta property=\"article:modified_time\" content=\"2026-02-24T18:39:49+00:00\" \/>\n<meta name=\"twitter:card\" content=\"summary_large_image\" \/>\n<meta name=\"twitter:label1\" content=\"Est. reading time\" \/>\n\t<meta name=\"twitter:data1\" content=\"2 minutes\" \/>\n<script type=\"application\/ld+json\" class=\"yoast-schema-graph\">{\"@context\":\"https:\\\/\\\/schema.org\",\"@graph\":[{\"@type\":\"WebPage\",\"@id\":\"https:\\\/\\\/margas.com.tr\\\/index.php\\\/faqs\\\/\",\"url\":\"https:\\\/\\\/margas.com.tr\\\/index.php\\\/faqs\\\/\",\"name\":\"Frequently Asked Questions - margas MARGAS www.margas.com.tr info@margas.com.tr 05519715791 BENZ\u0130N LPG CNG 3 S\u0130STEM\u0130 2 RUHSAT DO\u011eA DOSTU LNG SHELL DAHA TEM\u0130Z B\u0130R D\u00dcNYA \u0130\u00c7\u0130N LNG OTOGAZC\u0130M otogazcim OTO GAZC\u0130M oto gazcim AT\u0130KER atiker CMR cmr WENTGAS wentgas BENZ\u0130N benzin OTOGAZ otogaz LPG lpg CNG cng LNG lng OTO GAZ oto gaz OTO oto OTOMOT\u0130V otomotiv\",\"isPartOf\":{\"@id\":\"https:\\\/\\\/www.margas.com.tr\\\/#website\"},\"datePublished\":\"2019-07-30T04:38:33+00:00\",\"dateModified\":\"2026-02-24T18:39:49+00:00\",\"breadcrumb\":{\"@id\":\"https:\\\/\\\/margas.com.tr\\\/index.php\\\/faqs\\\/#breadcrumb\"},\"inLanguage\":\"en-US\",\"potentialAction\":[{\"@type\":\"ReadAction\",\"target\":[\"https:\\\/\\\/margas.com.tr\\\/index.php\\\/faqs\\\/\"]}]},{\"@type\":\"BreadcrumbList\",\"@id\":\"https:\\\/\\\/margas.com.tr\\\/index.php\\\/faqs\\\/#breadcrumb\",\"itemListElement\":[{\"@type\":\"ListItem\",\"position\":1,\"name\":\"Anasayfa\",\"item\":\"https:\\\/\\\/margas.com.tr\\\/\"},{\"@type\":\"ListItem\",\"position\":2,\"name\":\"Frequently Asked Questions\"}]},{\"@type\":\"WebSite\",\"@id\":\"https:\\\/\\\/www.margas.com.tr\\\/#website\",\"url\":\"https:\\\/\\\/www.margas.com.tr\\\/\",\"name\":\"margas MARGAS www.margas.com.tr info@margas.com.tr 05519715791 BENZ\u0130N LPG CNG 3 S\u0130STEM\u0130 2 RUHSAT DO\u011eA DOSTU LNG SHELL DAHA TEM\u0130Z B\u0130R D\u00dcNYA \u0130\u00c7\u0130N LNG OTOGAZC\u0130M otogazcim OTO GAZC\u0130M oto gazcim AT\u0130KER atiker CMR cmr WENTGAS wentgas BENZ\u0130N benzin OTOGAZ otogaz LPG lpg CNG cng LNG lng OTO GAZ oto gaz OTO oto OTOMOT\u0130V otomotiv\",\"description\":\"margas MARGAS www.margas.com.tr info@margas.com.tr 05519715791 BENZ\u0130N LPG CNG 3 S\u0130STEM\u0130 2 RUHSAT DO\u011eA DOSTU LNG SHELL DAHA TEM\u0130Z B\u0130R D\u00dcNYA \u0130\u00c7\u0130N LNG  OTOGAZC\u0130M otogazcim OTO GAZC\u0130M oto gazcim AT\u0130KER atiker CMR cmr WENTGAS wentgas BENZ\u0130N benzin OTOGAZ otogaz LPG lpg CNG cng LNG lng OTO GAZ oto gaz OTO oto OTOMOT\u0130V otomotiv\",\"potentialAction\":[{\"@type\":\"SearchAction\",\"target\":{\"@type\":\"EntryPoint\",\"urlTemplate\":\"https:\\\/\\\/www.margas.com.tr\\\/?s={search_term_string}\"},\"query-input\":{\"@type\":\"PropertyValueSpecification\",\"valueRequired\":true,\"valueName\":\"search_term_string\"}}],\"inLanguage\":\"en-US\"}]}<\/script>\n<!-- \/ Yoast SEO Premium plugin. -->","yoast_head_json":{"title":"Frequently Asked Questions - margas MARGAS www.margas.com.tr info@margas.com.tr 05519715791 BENZ\u0130N LPG CNG 3 S\u0130STEM\u0130 2 RUHSAT DO\u011eA DOSTU LNG SHELL DAHA TEM\u0130Z B\u0130R D\u00dcNYA \u0130\u00c7\u0130N LNG OTOGAZC\u0130M otogazcim OTO GAZC\u0130M oto gazcim AT\u0130KER atiker CMR cmr WENTGAS wentgas BENZ\u0130N benzin OTOGAZ otogaz LPG lpg CNG cng LNG lng OTO GAZ oto gaz OTO oto OTOMOT\u0130V otomotiv","robots":{"index":"index","follow":"follow","max-snippet":"max-snippet:-1","max-image-preview":"max-image-preview:large","max-video-preview":"max-video-preview:-1"},"canonical":"https:\/\/margas.com.tr\/index.php\/faqs\/","og_locale":"en_US","og_type":"article","og_title":"Frequently Asked Questions","og_description":"Company What is Into The Industry? Founded by 5 professionals in different fields of the fashion industry, ITI is a company that creates workshops and networking events. The workshops are geared towards individuals who want to learn more about the industry and identify connections between the different fields. The networking events create a platform to [&hellip;]","og_url":"https:\/\/margas.com.tr\/index.php\/faqs\/","og_site_name":"margas MARGAS www.margas.com.tr info@margas.com.tr 05519715791 BENZ\u0130N LPG CNG 3 S\u0130STEM\u0130 2 RUHSAT DO\u011eA DOSTU LNG SHELL DAHA TEM\u0130Z B\u0130R D\u00dcNYA \u0130\u00c7\u0130N LNG OTOGAZC\u0130M otogazcim OTO GAZC\u0130M oto gazcim AT\u0130KER atiker CMR cmr WENTGAS wentgas BENZ\u0130N benzin OTOGAZ otogaz LPG lpg CNG cng LNG lng OTO GAZ oto gaz OTO oto OTOMOT\u0130V otomotiv","article_modified_time":"2026-02-24T18:39:49+00:00","twitter_card":"summary_large_image","twitter_misc":{"Est. reading time":"2 minutes"},"schema":{"@context":"https:\/\/schema.org","@graph":[{"@type":"WebPage","@id":"https:\/\/margas.com.tr\/index.php\/faqs\/","url":"https:\/\/margas.com.tr\/index.php\/faqs\/","name":"Frequently Asked Questions - margas MARGAS www.margas.com.tr info@margas.com.tr 05519715791 BENZ\u0130N LPG CNG 3 S\u0130STEM\u0130 2 RUHSAT DO\u011eA DOSTU LNG SHELL DAHA TEM\u0130Z B\u0130R D\u00dcNYA \u0130\u00c7\u0130N LNG OTOGAZC\u0130M otogazcim OTO GAZC\u0130M oto gazcim AT\u0130KER atiker CMR cmr WENTGAS wentgas BENZ\u0130N benzin OTOGAZ otogaz LPG lpg CNG cng LNG lng OTO GAZ oto gaz OTO oto OTOMOT\u0130V otomotiv","isPartOf":{"@id":"https:\/\/www.margas.com.tr\/#website"},"datePublished":"2019-07-30T04:38:33+00:00","dateModified":"2026-02-24T18:39:49+00:00","breadcrumb":{"@id":"https:\/\/margas.com.tr\/index.php\/faqs\/#breadcrumb"},"inLanguage":"en-US","potentialAction":[{"@type":"ReadAction","target":["https:\/\/margas.com.tr\/index.php\/faqs\/"]}]},{"@type":"BreadcrumbList","@id":"https:\/\/margas.com.tr\/index.php\/faqs\/#breadcrumb","itemListElement":[{"@type":"ListItem","position":1,"name":"Anasayfa","item":"https:\/\/margas.com.tr\/"},{"@type":"ListItem","position":2,"name":"Frequently Asked Questions"}]},{"@type":"WebSite","@id":"https:\/\/www.margas.com.tr\/#website","url":"https:\/\/www.margas.com.tr\/","name":"margas MARGAS www.margas.com.tr info@margas.com.tr 05519715791 BENZ\u0130N LPG CNG 3 S\u0130STEM\u0130 2 RUHSAT DO\u011eA DOSTU LNG SHELL DAHA TEM\u0130Z B\u0130R D\u00dcNYA \u0130\u00c7\u0130N LNG OTOGAZC\u0130M otogazcim OTO GAZC\u0130M oto gazcim AT\u0130KER atiker CMR cmr WENTGAS wentgas BENZ\u0130N benzin OTOGAZ otogaz LPG lpg CNG cng LNG lng OTO GAZ oto gaz OTO oto OTOMOT\u0130V otomotiv","description":"margas MARGAS www.margas.com.tr info@margas.com.tr 05519715791 BENZ\u0130N LPG CNG 3 S\u0130STEM\u0130 2 RUHSAT DO\u011eA DOSTU LNG SHELL DAHA TEM\u0130Z B\u0130R D\u00dcNYA \u0130\u00c7\u0130N LNG  OTOGAZC\u0130M otogazcim OTO GAZC\u0130M oto gazcim AT\u0130KER atiker CMR cmr WENTGAS wentgas BENZ\u0130N benzin OTOGAZ otogaz LPG lpg CNG cng LNG lng OTO GAZ oto gaz OTO oto OTOMOT\u0130V otomotiv","potentialAction":[{"@type":"SearchAction","target":{"@type":"EntryPoint","urlTemplate":"https:\/\/www.margas.com.tr\/?s={search_term_string}"},"query-input":{"@type":"PropertyValueSpecification","valueRequired":true,"valueName":"search_term_string"}}],"inLanguage":"en-US"}]}},"_links":{"self":[{"href":"https:\/\/margas.com.tr\/index.php\/wp-json\/wp\/v2\/pages\/175","targetHints":{"allow":["GET"]}}],"collection":[{"href":"https:\/\/margas.com.tr\/index.php\/wp-json\/wp\/v2\/pages"}],"about":[{"href":"https:\/\/margas.com.tr\/index.php\/wp-json\/wp\/v2\/types\/page"}],"author":[{"embeddable":true,"href":"https:\/\/margas.com.tr\/index.php\/wp-json\/wp\/v2\/users\/1"}],"replies":[{"embeddable":true,"href":"https:\/\/margas.com.tr\/index.php\/wp-json\/wp\/v2\/comments?post=175"}],"version-history":[{"count":3,"href":"https:\/\/margas.com.tr\/index.php\/wp-json\/wp\/v2\/pages\/175\/revisions"}],"predecessor-version":[{"id":2023,"href":"https:\/\/margas.com.tr\/index.php\/wp-json\/wp\/v2\/pages\/175\/revisions\/2023"}],"wp:attachment":[{"href":"https:\/\/margas.com.tr\/index.php\/wp-json\/wp\/v2\/media?parent=175"}],"curies":[{"name":"wp","href":"https:\/\/api.w.org\/{rel}","templated":true}]}}