{"id":120,"date":"2019-07-26T03:25:22","date_gmt":"2019-07-26T03:25:22","guid":{"rendered":"http:\/\/localhost\/industris\/?page_id=120"},"modified":"2026-02-24T18:38:01","modified_gmt":"2026-02-24T18:38:01","slug":"contact-us","status":"publish","type":"page","link":"https:\/\/margas.com.tr\/index.php\/contact-us\/","title":{"rendered":"Contact Us"},"content":{"rendered":"\t\t<div data-elementor-type=\"wp-post\" data-elementor-id=\"120\" class=\"elementor elementor-120\" data-elementor-post-type=\"page\">\n\t\t\t\t<div class=\"elementor-element elementor-element-116e344 e-flex e-con-boxed e-con e-parent\" data-id=\"116e344\" data-element_type=\"container\" data-e-type=\"container\">\n\t\t\t\t\t<div class=\"e-con-inner\">\n\t\t\t\t<div class=\"elementor-element elementor-element-57044dc elementor-widget elementor-widget-shortcode\" data-id=\"57044dc\" data-element_type=\"widget\" data-e-type=\"widget\" data-widget_type=\"shortcode.default\">\n\t\t\t\t<div class=\"elementor-widget-container\">\n\t\t\t\t\t\t\t<div class=\"elementor-shortcode\"><script async src=\"https:\/\/pagead2.googlesyndication.com\/pagead\/js\/adsbygoogle.js?client=ca-pub-1881850453592925\"\n     crossorigin=\"anonymous\"><\/script><\/div>\n\t\t\t\t\t\t<\/div>\n\t\t\t\t<\/div>\n\t\t\t\t\t<\/div>\n\t\t\t\t<\/div>\n\t\t\t\t<section class=\"elementor-section elementor-top-section elementor-element elementor-element-d2a1c81 bg-alt elementor-section-boxed elementor-section-height-default elementor-section-height-default\" data-id=\"d2a1c81\" data-element_type=\"section\" data-e-type=\"section\">\n\t\t\t\t\t\t<div class=\"elementor-container elementor-column-gap-default\">\n\t\t\t\t\t<div class=\"elementor-column elementor-col-100 elementor-top-column elementor-element elementor-element-bd65824\" data-id=\"bd65824\" data-element_type=\"column\" data-e-type=\"column\">\n\t\t\t<div class=\"elementor-widget-wrap elementor-element-populated\">\n\t\t\t\t\t\t<div class=\"elementor-element elementor-element-807d120 elementor-widget elementor-widget-iheading\" data-id=\"807d120\" data-element_type=\"widget\" data-e-type=\"widget\" data-widget_type=\"iheading.default\">\n\t\t\t\t<div class=\"elementor-widget-container\">\n\t\t\t\t\t\t\t<div class=\"section-head\">\r\n\t        \t            <h6 class=\"text-primary\">CONTACT INFO<\/h6>\r\n\t        \t        <h2 class=\"section-title\">Hotline: <span class=\"text-primary\">+84 1900 8198 <\/span><\/h2>\r\n\t        \t    <\/div>\r\n\t    \t\t\t\t<\/div>\n\t\t\t\t<\/div>\n\t\t\t\t<div class=\"elementor-element elementor-element-99eba74 elementor-align-start elementor-icon-list--layout-traditional elementor-list-item-link-full_width elementor-widget elementor-widget-icon-list\" data-id=\"99eba74\" data-element_type=\"widget\" data-e-type=\"widget\" data-widget_type=\"icon-list.default\">\n\t\t\t\t<div class=\"elementor-widget-container\">\n\t\t\t\t\t\t\t<ul class=\"elementor-icon-list-items\">\n\t\t\t\t\t\t\t<li class=\"elementor-icon-list-item\">\n\t\t\t\t\t\t\t\t\t\t\t<a href=\"#\">\n\n\t\t\t\t\t\t\t\t\t\t\t\t<span class=\"elementor-icon-list-icon\">\n\t\t\t\t\t\t\t<svg aria-hidden=\"true\" class=\"e-font-icon-svg e-fas-envelope\" viewBox=\"0 0 512 512\" xmlns=\"http:\/\/www.w3.org\/2000\/svg\"><path d=\"M502.3 190.8c3.9-3.1 9.7-.2 9.7 4.7V400c0 26.5-21.5 48-48 48H48c-26.5 0-48-21.5-48-48V195.6c0-5 5.7-7.8 9.7-4.7 22.4 17.4 52.1 39.5 154.1 113.6 21.1 15.4 56.7 47.8 92.2 47.6 35.7.3 72-32.8 92.3-47.6 102-74.1 131.6-96.3 154-113.7zM256 320c23.2.4 56.6-29.2 73.4-41.4 132.7-96.3 142.8-104.7 173.4-128.7 5.8-4.5 9.2-11.5 9.2-18.9v-19c0-26.5-21.5-48-48-48H48C21.5 64 0 85.5 0 112v19c0 7.4 3.4 14.3 9.2 18.9 30.6 23.9 40.7 32.4 173.4 128.7 16.8 12.2 50.2 41.8 73.4 41.4z\"><\/path><\/svg>\t\t\t\t\t\t<\/span>\n\t\t\t\t\t\t\t\t\t\t<span class=\"elementor-icon-list-text\">Info.industris@gmail.com<\/span>\n\t\t\t\t\t\t\t\t\t\t\t<\/a>\n\t\t\t\t\t\t\t\t\t<\/li>\n\t\t\t\t\t\t\t\t<li class=\"elementor-icon-list-item\">\n\t\t\t\t\t\t\t\t\t\t\t<span class=\"elementor-icon-list-icon\">\n\t\t\t\t\t\t\t<svg aria-hidden=\"true\" class=\"e-font-icon-svg e-fas-map-marker-alt\" viewBox=\"0 0 384 512\" xmlns=\"http:\/\/www.w3.org\/2000\/svg\"><path d=\"M172.268 501.67C26.97 291.031 0 269.413 0 192 0 85.961 85.961 0 192 0s192 85.961 192 192c0 77.413-26.97 99.031-172.268 309.67-9.535 13.774-29.93 13.773-39.464 0zM192 272c44.183 0 80-35.817 80-80s-35.817-80-80-80-80 35.817-80 80 35.817 80 80 80z\"><\/path><\/svg>\t\t\t\t\t\t<\/span>\n\t\t\t\t\t\t\t\t\t\t<span class=\"elementor-icon-list-text\">Crows Nest Apt 69 Sydney, Australia <\/span>\n\t\t\t\t\t\t\t\t\t<\/li>\n\t\t\t\t\t\t<\/ul>\n\t\t\t\t\t\t<\/div>\n\t\t\t\t<\/div>\n\t\t\t\t<div class=\"elementor-element elementor-element-fd491f6 elementor-widget elementor-widget-heading\" data-id=\"fd491f6\" data-element_type=\"widget\" data-e-type=\"widget\" data-widget_type=\"heading.default\">\n\t\t\t\t<div class=\"elementor-widget-container\">\n\t\t\t\t\t<h4 class=\"elementor-heading-title elementor-size-default\">Contact form<\/h4>\t\t\t\t<\/div>\n\t\t\t\t<\/div>\n\t\t\t\t<div class=\"elementor-element elementor-element-4da51b8 elementor-widget elementor-widget-industris-contact-form-7\" data-id=\"4da51b8\" data-element_type=\"widget\" data-e-type=\"widget\" data-widget_type=\"industris-contact-form-7.default\">\n\t\t\t\t<div class=\"elementor-widget-container\">\n\t\t\t\t\t<div class=\"elementor-shortcode industris-cf7-0\">\n<div class=\"wpcf7 no-js\" id=\"wpcf7-f995-o1\" lang=\"en-US\" dir=\"ltr\" data-wpcf7-id=\"995\">\n<div class=\"screen-reader-response\"><p role=\"status\" aria-live=\"polite\" aria-atomic=\"true\"><\/p> <ul><\/ul><\/div>\n<form action=\"\/index.php\/wp-json\/wp\/v2\/pages\/120#wpcf7-f995-o1\" method=\"post\" class=\"wpcf7-form init\" aria-label=\"Contact form\" novalidate=\"novalidate\" data-status=\"init\">\n<fieldset class=\"hidden-fields-container\"><input type=\"hidden\" name=\"_wpcf7\" value=\"995\" \/><input type=\"hidden\" name=\"_wpcf7_version\" value=\"6.1.5\" \/><input type=\"hidden\" name=\"_wpcf7_locale\" value=\"en_US\" \/><input type=\"hidden\" name=\"_wpcf7_unit_tag\" value=\"wpcf7-f995-o1\" \/><input type=\"hidden\" name=\"_wpcf7_container_post\" value=\"0\" \/><input type=\"hidden\" name=\"_wpcf7_posted_data_hash\" value=\"\" \/>\n<\/fieldset>\n<div class=\"row\">\n\t<p class=\"col-md-4\"><span class=\"wpcf7-form-control-wrap\" data-name=\"your-name\"><input size=\"40\" maxlength=\"400\" class=\"wpcf7-form-control wpcf7-text wpcf7-validates-as-required\" aria-required=\"true\" aria-invalid=\"false\" placeholder=\"Your name\" value=\"\" type=\"text\" name=\"your-name\" \/><\/span>\n\t<\/p>\n\t<p class=\"col-md-4\"><span class=\"wpcf7-form-control-wrap\" data-name=\"your-phone\"><input size=\"40\" maxlength=\"400\" class=\"wpcf7-form-control wpcf7-text\" aria-invalid=\"false\" placeholder=\"Your phone\" value=\"\" type=\"text\" name=\"your-phone\" \/><\/span>\n\t<\/p>\n\t<p class=\"col-md-4\"><span class=\"wpcf7-form-control-wrap\" data-name=\"your-email\"><input size=\"40\" maxlength=\"400\" class=\"wpcf7-form-control wpcf7-email wpcf7-validates-as-required wpcf7-text wpcf7-validates-as-email\" aria-required=\"true\" aria-invalid=\"false\" placeholder=\"Email address\" value=\"\" type=\"email\" name=\"your-email\" \/><\/span>\n\t<\/p>\n<\/div>\n<p><span class=\"wpcf7-form-control-wrap\" data-name=\"your-message\"><textarea cols=\"40\" rows=\"10\" maxlength=\"2000\" class=\"wpcf7-form-control wpcf7-textarea\" aria-invalid=\"false\" placeholder=\"Your message\" name=\"your-message\"><\/textarea><\/span>\n<\/p>\n<div>\n\t<p><input class=\"wpcf7-form-control wpcf7-submit has-spinner btn\" type=\"submit\" value=\"Submit\" \/>\n\t<\/p>\n<\/div><div class=\"wpcf7-response-output\" aria-hidden=\"true\"><\/div>\n<\/form>\n<\/div>\n<\/div>\t\t\t\t<\/div>\n\t\t\t\t<\/div>\n\t\t\t\t\t<\/div>\n\t\t<\/div>\n\t\t\t\t\t<\/div>\n\t\t<\/section>\n\t\t\t\t<section class=\"elementor-section elementor-top-section elementor-element elementor-element-f8028af elementor-section-boxed elementor-section-height-default elementor-section-height-default\" data-id=\"f8028af\" data-element_type=\"section\" data-e-type=\"section\">\n\t\t\t\t\t\t<div class=\"elementor-container elementor-column-gap-default\">\n\t\t\t\t\t<div class=\"elementor-column elementor-col-100 elementor-top-column elementor-element elementor-element-9764d5f\" data-id=\"9764d5f\" data-element_type=\"column\" data-e-type=\"column\">\n\t\t\t<div class=\"elementor-widget-wrap elementor-element-populated\">\n\t\t\t\t\t\t<div class=\"elementor-element elementor-element-2cdea0f elementor-widget elementor-widget-google_maps\" data-id=\"2cdea0f\" data-element_type=\"widget\" data-e-type=\"widget\" data-widget_type=\"google_maps.default\">\n\t\t\t\t<div class=\"elementor-widget-container\">\n\t\t\t\t\t\t\t<div class=\"elementor-custom-embed\">\n\t\t\t<iframe loading=\"lazy\"\n\t\t\t\t\tsrc=\"https:\/\/maps.google.com\/maps?q=Building%20121%2C%20Bent%20Street%20The%20Entertainment%20Quarter%2C%20Moore%20Park%20NSW%202044%2C%20Australia&#038;t=m&#038;z=14&#038;output=embed&#038;iwloc=near\"\n\t\t\t\t\ttitle=\"Building 121, Bent Street The Entertainment Quarter, Moore Park NSW 2044, Australia\"\n\t\t\t\t\taria-label=\"Building 121, Bent Street The Entertainment Quarter, Moore Park NSW 2044, Australia\"\n\t\t\t><\/iframe>\n\t\t<\/div>\n\t\t\t\t\t\t<\/div>\n\t\t\t\t<\/div>\n\t\t\t\t<div class=\"elementor-element elementor-element-574a085 elementor-align-right elementor-widget__width-initial elementor-widget elementor-widget-button\" data-id=\"574a085\" data-element_type=\"widget\" data-e-type=\"widget\" data-widget_type=\"button.default\">\n\t\t\t\t<div class=\"elementor-widget-container\">\n\t\t\t\t\t\t\t\t\t<div class=\"elementor-button-wrapper\">\n\t\t\t\t\t<a class=\"elementor-button elementor-button-link elementor-size-sm\" href=\"#\">\n\t\t\t\t\t\t<span class=\"elementor-button-content-wrapper\">\n\t\t\t\t\t\t\t\t\t<span class=\"elementor-button-text\">Get derection<\/span>\n\t\t\t\t\t<\/span>\n\t\t\t\t\t<\/a>\n\t\t\t\t<\/div>\n\t\t\t\t\t\t\t\t<\/div>\n\t\t\t\t<\/div>\n\t\t\t\t<div class=\"elementor-element elementor-element-f729b59 elementor-align-left elementor-widget__width-initial elementor-widget elementor-widget-button\" data-id=\"f729b59\" data-element_type=\"widget\" data-e-type=\"widget\" data-widget_type=\"button.default\">\n\t\t\t\t<div class=\"elementor-widget-container\">\n\t\t\t\t\t\t\t\t\t<div class=\"elementor-button-wrapper\">\n\t\t\t\t\t<a class=\"elementor-button elementor-button-link elementor-size-sm\" href=\"https:\/\/goo.gl\/maps\/YHtEo9XHMQmigzGG7\" target=\"_blank\">\n\t\t\t\t\t\t<span class=\"elementor-button-content-wrapper\">\n\t\t\t\t\t\t\t\t\t<span class=\"elementor-button-text\">Google map<\/span>\n\t\t\t\t\t<\/span>\n\t\t\t\t\t<\/a>\n\t\t\t\t<\/div>\n\t\t\t\t\t\t\t\t<\/div>\n\t\t\t\t<\/div>\n\t\t\t\t\t<\/div>\n\t\t<\/div>\n\t\t\t\t\t<\/div>\n\t\t<\/section>\n\t\t\t\t<\/div>\n\t\t","protected":false},"excerpt":{"rendered":"<p>CONTACT INFO Hotline: +84 1900 8198 Info.industris@gmail.com Crows Nest Apt 69 Sydney, Australia Contact form Get derection Google map<\/p>\n","protected":false},"author":1,"featured_media":0,"parent":0,"menu_order":0,"comment_status":"closed","ping_status":"closed","template":"","meta":{"footnotes":""},"class_list":["post-120","page","type-page","status-publish","hentry"],"yoast_head":"<!-- This site is optimized with the Yoast SEO Premium plugin v27.2 (Yoast SEO v27.4) - https:\/\/yoast.com\/product\/yoast-seo-premium-wordpress\/ -->\n<title>Contact Us - margas MARGAS www.margas.com.tr info@margas.com.tr 05519715791 BENZ\u0130N LPG CNG 3 S\u0130STEM\u0130 2 RUHSAT DO\u011eA DOSTU LNG SHELL DAHA TEM\u0130Z B\u0130R D\u00dcNYA \u0130\u00c7\u0130N LNG OTOGAZC\u0130M otogazcim OTO GAZC\u0130M oto gazcim AT\u0130KER atiker CMR cmr WENTGAS wentgas BENZ\u0130N benzin OTOGAZ otogaz LPG lpg CNG cng LNG lng OTO GAZ oto gaz OTO oto OTOMOT\u0130V otomotiv<\/title>\n<meta name=\"robots\" content=\"index, follow, max-snippet:-1, max-image-preview:large, max-video-preview:-1\" \/>\n<link rel=\"canonical\" href=\"https:\/\/margas.com.tr\/index.php\/contact-us\/\" \/>\n<meta property=\"og:locale\" content=\"en_US\" \/>\n<meta property=\"og:type\" content=\"article\" \/>\n<meta property=\"og:title\" content=\"Contact Us\" \/>\n<meta property=\"og:description\" content=\"CONTACT INFO Hotline: +84 1900 8198 Info.industris@gmail.com Crows Nest Apt 69 Sydney, Australia Contact form Get derection Google map\" \/>\n<meta property=\"og:url\" content=\"https:\/\/margas.com.tr\/index.php\/contact-us\/\" \/>\n<meta property=\"og:site_name\" content=\"margas MARGAS www.margas.com.tr info@margas.com.tr 05519715791 BENZ\u0130N LPG CNG 3 S\u0130STEM\u0130 2 RUHSAT DO\u011eA DOSTU LNG SHELL DAHA TEM\u0130Z B\u0130R D\u00dcNYA \u0130\u00c7\u0130N LNG OTOGAZC\u0130M otogazcim OTO GAZC\u0130M oto gazcim AT\u0130KER atiker CMR cmr WENTGAS wentgas BENZ\u0130N benzin OTOGAZ otogaz LPG lpg CNG cng LNG lng OTO GAZ oto gaz OTO oto OTOMOT\u0130V otomotiv\" \/>\n<meta property=\"article:modified_time\" content=\"2026-02-24T18:38:01+00:00\" \/>\n<meta name=\"twitter:card\" content=\"summary_large_image\" \/>\n<meta name=\"twitter:label1\" content=\"Est. reading time\" \/>\n\t<meta name=\"twitter:data1\" content=\"1 minute\" \/>\n<script type=\"application\/ld+json\" class=\"yoast-schema-graph\">{\"@context\":\"https:\\\/\\\/schema.org\",\"@graph\":[{\"@type\":\"WebPage\",\"@id\":\"https:\\\/\\\/margas.com.tr\\\/index.php\\\/contact-us\\\/\",\"url\":\"https:\\\/\\\/margas.com.tr\\\/index.php\\\/contact-us\\\/\",\"name\":\"Contact Us - margas MARGAS www.margas.com.tr info@margas.com.tr 05519715791 BENZ\u0130N LPG CNG 3 S\u0130STEM\u0130 2 RUHSAT DO\u011eA DOSTU LNG SHELL DAHA TEM\u0130Z B\u0130R D\u00dcNYA \u0130\u00c7\u0130N LNG OTOGAZC\u0130M otogazcim OTO GAZC\u0130M oto gazcim AT\u0130KER atiker CMR cmr WENTGAS wentgas BENZ\u0130N benzin OTOGAZ otogaz LPG lpg CNG cng LNG lng OTO GAZ oto gaz OTO oto OTOMOT\u0130V otomotiv\",\"isPartOf\":{\"@id\":\"https:\\\/\\\/www.margas.com.tr\\\/#website\"},\"datePublished\":\"2019-07-26T03:25:22+00:00\",\"dateModified\":\"2026-02-24T18:38:01+00:00\",\"breadcrumb\":{\"@id\":\"https:\\\/\\\/margas.com.tr\\\/index.php\\\/contact-us\\\/#breadcrumb\"},\"inLanguage\":\"en-US\",\"potentialAction\":[{\"@type\":\"ReadAction\",\"target\":[\"https:\\\/\\\/margas.com.tr\\\/index.php\\\/contact-us\\\/\"]}]},{\"@type\":\"BreadcrumbList\",\"@id\":\"https:\\\/\\\/margas.com.tr\\\/index.php\\\/contact-us\\\/#breadcrumb\",\"itemListElement\":[{\"@type\":\"ListItem\",\"position\":1,\"name\":\"Anasayfa\",\"item\":\"https:\\\/\\\/margas.com.tr\\\/\"},{\"@type\":\"ListItem\",\"position\":2,\"name\":\"Contact Us\"}]},{\"@type\":\"WebSite\",\"@id\":\"https:\\\/\\\/www.margas.com.tr\\\/#website\",\"url\":\"https:\\\/\\\/www.margas.com.tr\\\/\",\"name\":\"margas MARGAS www.margas.com.tr info@margas.com.tr 05519715791 BENZ\u0130N LPG CNG 3 S\u0130STEM\u0130 2 RUHSAT DO\u011eA DOSTU LNG SHELL DAHA TEM\u0130Z B\u0130R D\u00dcNYA \u0130\u00c7\u0130N LNG OTOGAZC\u0130M otogazcim OTO GAZC\u0130M oto gazcim AT\u0130KER atiker CMR cmr WENTGAS wentgas BENZ\u0130N benzin OTOGAZ otogaz LPG lpg CNG cng LNG lng OTO GAZ oto gaz OTO oto OTOMOT\u0130V otomotiv\",\"description\":\"margas MARGAS www.margas.com.tr info@margas.com.tr 05519715791 BENZ\u0130N LPG CNG 3 S\u0130STEM\u0130 2 RUHSAT DO\u011eA DOSTU LNG SHELL DAHA TEM\u0130Z B\u0130R D\u00dcNYA \u0130\u00c7\u0130N LNG  OTOGAZC\u0130M otogazcim OTO GAZC\u0130M oto gazcim AT\u0130KER atiker CMR cmr WENTGAS wentgas BENZ\u0130N benzin OTOGAZ otogaz LPG lpg CNG cng LNG lng OTO GAZ oto gaz OTO oto OTOMOT\u0130V otomotiv\",\"potentialAction\":[{\"@type\":\"SearchAction\",\"target\":{\"@type\":\"EntryPoint\",\"urlTemplate\":\"https:\\\/\\\/www.margas.com.tr\\\/?s={search_term_string}\"},\"query-input\":{\"@type\":\"PropertyValueSpecification\",\"valueRequired\":true,\"valueName\":\"search_term_string\"}}],\"inLanguage\":\"en-US\"}]}<\/script>\n<!-- \/ Yoast SEO Premium plugin. -->","yoast_head_json":{"title":"Contact Us - margas MARGAS www.margas.com.tr info@margas.com.tr 05519715791 BENZ\u0130N LPG CNG 3 S\u0130STEM\u0130 2 RUHSAT DO\u011eA DOSTU LNG SHELL DAHA TEM\u0130Z B\u0130R D\u00dcNYA \u0130\u00c7\u0130N LNG OTOGAZC\u0130M otogazcim OTO GAZC\u0130M oto gazcim AT\u0130KER atiker CMR cmr WENTGAS wentgas BENZ\u0130N benzin OTOGAZ otogaz LPG lpg CNG cng LNG lng OTO GAZ oto gaz OTO oto OTOMOT\u0130V otomotiv","robots":{"index":"index","follow":"follow","max-snippet":"max-snippet:-1","max-image-preview":"max-image-preview:large","max-video-preview":"max-video-preview:-1"},"canonical":"https:\/\/margas.com.tr\/index.php\/contact-us\/","og_locale":"en_US","og_type":"article","og_title":"Contact Us","og_description":"CONTACT INFO Hotline: +84 1900 8198 Info.industris@gmail.com Crows Nest Apt 69 Sydney, Australia Contact form Get derection Google map","og_url":"https:\/\/margas.com.tr\/index.php\/contact-us\/","og_site_name":"margas MARGAS www.margas.com.tr info@margas.com.tr 05519715791 BENZ\u0130N LPG CNG 3 S\u0130STEM\u0130 2 RUHSAT DO\u011eA DOSTU LNG SHELL DAHA TEM\u0130Z B\u0130R D\u00dcNYA \u0130\u00c7\u0130N LNG OTOGAZC\u0130M otogazcim OTO GAZC\u0130M oto gazcim AT\u0130KER atiker CMR cmr WENTGAS wentgas BENZ\u0130N benzin OTOGAZ otogaz LPG lpg CNG cng LNG lng OTO GAZ oto gaz OTO oto OTOMOT\u0130V otomotiv","article_modified_time":"2026-02-24T18:38:01+00:00","twitter_card":"summary_large_image","twitter_misc":{"Est. reading time":"1 minute"},"schema":{"@context":"https:\/\/schema.org","@graph":[{"@type":"WebPage","@id":"https:\/\/margas.com.tr\/index.php\/contact-us\/","url":"https:\/\/margas.com.tr\/index.php\/contact-us\/","name":"Contact Us - margas MARGAS www.margas.com.tr info@margas.com.tr 05519715791 BENZ\u0130N LPG CNG 3 S\u0130STEM\u0130 2 RUHSAT DO\u011eA DOSTU LNG SHELL DAHA TEM\u0130Z B\u0130R D\u00dcNYA \u0130\u00c7\u0130N LNG OTOGAZC\u0130M otogazcim OTO GAZC\u0130M oto gazcim AT\u0130KER atiker CMR cmr WENTGAS wentgas BENZ\u0130N benzin OTOGAZ otogaz LPG lpg CNG cng LNG lng OTO GAZ oto gaz OTO oto OTOMOT\u0130V otomotiv","isPartOf":{"@id":"https:\/\/www.margas.com.tr\/#website"},"datePublished":"2019-07-26T03:25:22+00:00","dateModified":"2026-02-24T18:38:01+00:00","breadcrumb":{"@id":"https:\/\/margas.com.tr\/index.php\/contact-us\/#breadcrumb"},"inLanguage":"en-US","potentialAction":[{"@type":"ReadAction","target":["https:\/\/margas.com.tr\/index.php\/contact-us\/"]}]},{"@type":"BreadcrumbList","@id":"https:\/\/margas.com.tr\/index.php\/contact-us\/#breadcrumb","itemListElement":[{"@type":"ListItem","position":1,"name":"Anasayfa","item":"https:\/\/margas.com.tr\/"},{"@type":"ListItem","position":2,"name":"Contact Us"}]},{"@type":"WebSite","@id":"https:\/\/www.margas.com.tr\/#website","url":"https:\/\/www.margas.com.tr\/","name":"margas MARGAS www.margas.com.tr info@margas.com.tr 05519715791 BENZ\u0130N LPG CNG 3 S\u0130STEM\u0130 2 RUHSAT DO\u011eA DOSTU LNG SHELL DAHA TEM\u0130Z B\u0130R D\u00dcNYA \u0130\u00c7\u0130N LNG OTOGAZC\u0130M otogazcim OTO GAZC\u0130M oto gazcim AT\u0130KER atiker CMR cmr WENTGAS wentgas BENZ\u0130N benzin OTOGAZ otogaz LPG lpg CNG cng LNG lng OTO GAZ oto gaz OTO oto OTOMOT\u0130V otomotiv","description":"margas MARGAS www.margas.com.tr info@margas.com.tr 05519715791 BENZ\u0130N LPG CNG 3 S\u0130STEM\u0130 2 RUHSAT DO\u011eA DOSTU LNG SHELL DAHA TEM\u0130Z B\u0130R D\u00dcNYA \u0130\u00c7\u0130N LNG  OTOGAZC\u0130M otogazcim OTO GAZC\u0130M oto gazcim AT\u0130KER atiker CMR cmr WENTGAS wentgas BENZ\u0130N benzin OTOGAZ otogaz LPG lpg CNG cng LNG lng OTO GAZ oto gaz OTO oto OTOMOT\u0130V otomotiv","potentialAction":[{"@type":"SearchAction","target":{"@type":"EntryPoint","urlTemplate":"https:\/\/www.margas.com.tr\/?s={search_term_string}"},"query-input":{"@type":"PropertyValueSpecification","valueRequired":true,"valueName":"search_term_string"}}],"inLanguage":"en-US"}]}},"_links":{"self":[{"href":"https:\/\/margas.com.tr\/index.php\/wp-json\/wp\/v2\/pages\/120","targetHints":{"allow":["GET"]}}],"collection":[{"href":"https:\/\/margas.com.tr\/index.php\/wp-json\/wp\/v2\/pages"}],"about":[{"href":"https:\/\/margas.com.tr\/index.php\/wp-json\/wp\/v2\/types\/page"}],"author":[{"embeddable":true,"href":"https:\/\/margas.com.tr\/index.php\/wp-json\/wp\/v2\/users\/1"}],"replies":[{"embeddable":true,"href":"https:\/\/margas.com.tr\/index.php\/wp-json\/wp\/v2\/comments?post=120"}],"version-history":[{"count":3,"href":"https:\/\/margas.com.tr\/index.php\/wp-json\/wp\/v2\/pages\/120\/revisions"}],"predecessor-version":[{"id":2014,"href":"https:\/\/margas.com.tr\/index.php\/wp-json\/wp\/v2\/pages\/120\/revisions\/2014"}],"wp:attachment":[{"href":"https:\/\/margas.com.tr\/index.php\/wp-json\/wp\/v2\/media?parent=120"}],"curies":[{"name":"wp","href":"https:\/\/api.w.org\/{rel}","templated":true}]}}